{"id":8,"date":"2013-08-05T05:52:16","date_gmt":"2013-08-05T05:52:16","guid":{"rendered":"http:\/\/titaniasp.xcloud.si\/wordpress\/?page_id=8"},"modified":"2024-01-23T15:43:26","modified_gmt":"2024-01-23T15:43:26","slug":"easy","status":"publish","type":"page","link":"https:\/\/www.titania.si\/?page_id=8","title":{"rendered":"Easy"},"content":{"rendered":"<p><img loading=\"lazy\" decoding=\"async\" class=\"aligncenter size-full wp-image-259\" src=\"http:\/\/www.titania.si\/wordpress\/wp-content\/uploads\/focus.jpg\" alt=\"focus\" width=\"1000\" height=\"288\" srcset=\"https:\/\/www.titania.si\/wordpress\/wp-content\/uploads\/focus.jpg 1000w, https:\/\/www.titania.si\/wordpress\/wp-content\/uploads\/focus-150x43.jpg 150w, https:\/\/www.titania.si\/wordpress\/wp-content\/uploads\/focus-300x86.jpg 300w\" sizes=\"auto, (max-width: 1000px) 100vw, 1000px\" \/><\/p>\n<h2>Kaj je Easy?<\/h2>\n<p style=\"text-align: justify;\">Easy je program, namenjen podjetnikom, ki ne potrebujejo kompleksnih in okornih programskih re\u0161itev. Easy zagotovo olaj\u0161a dnevno spremljanje poslovanja vsakega malega podjetnika na enostaven in prijazen na\u010din. Za ugodno ceno vam ponujamo osnovnej\u0161e, a obenem preglednej\u0161e funkcije, ki jih boste z lahkoto obvladovali. Vodenje podjetja bo tako u\u010dinkovitej\u0161e.<\/p>\n<p><!--more--><\/p>\n<p>Easy ponuja slede\u010de:<\/p>\n<ul>\n<li>Pregledno obdelavo podatkov nabave in prodaje.<\/li>\n<li>Pregledno vodenje skladi\u0161\u010da (tudi konsignacije) &#8211; koli\u010dine, cene, kartice blaga itn.<\/li>\n<li>Analitiko poslovnih partnerjev (dobavitelji, kupci) z vsemi podatki za enostavno in hitro poslovanje.<\/li>\n<li>Knji\u017eenje pla\u010dil prejetih in izdanih ra\u010dunov.<\/li>\n<li>Pregledno statistiko poslovanja.<\/li>\n<li>Povezovanje s <a title=\"Easy in Elcom\" href=\"http:\/\/www.titania.si\/?p=450\">prenosnimi blagajnami<\/a>.<\/li>\n<li><b>Izdaja eRa\u010dunov<\/b> za prora\u010dunske uporabnike preko ponudnikov poti (npr. banke, Po\u0161ta slovenije,&#8230; itd.)<\/li>\n<li>Easy podpira <strong>dav\u010dne blagajne<\/strong>.<\/li>\n<li>Prilo\u017eena <a href=\"http:\/\/www.titania.si\/products\/easy\/Support\/Help\/\">on-line pomo\u010d<\/a>, ki se neprestano dopolnjuje.<\/li>\n<\/ul>\n<p>&#8230; in \u0161e veliko ve\u010d!<\/p>\n<p>Preizkusite nas!<\/p>\n<h2>Za koga je Easy primeren?<\/h2>\n<p>Easy se uporablja v razli\u010dnih vejah trgovstva: V trgovini s \u010devlji (EasyPOS), v delavnici za predelavo gospodarskih vozil, ponudniku stre\u017enikov in storitev, servisu koles&#8230; itd.<\/p>\n<p>Z Easy-jem lahko vodimo tudi spletno trgovino, mehani\u010dno delavnico ali turisti\u010dno agencijo!<\/p>\n<h3>Easy WebShop &#8211; povezava s spletno trgovino!<\/h3>\n<p>Easy se sedaj lahko pove\u017ee tudi s spletno trgovino! Vodenje trgovine ne zahteva dodatnih znanj ali postopkov, stanje zalog pa je v spletni trgovini vedno a\u017eurno s skladi\u0161\u010dem!\u00a0Povezava je trenutno narejena za VirtueMart trgovinske sisteme. Po \u017eelji lahko pripravimo tudi povezavo z drugimi spletnimi trgovinami.<\/p>\n<h3>Easy tudi za turizem!<\/h3>\n<p>Easy se sedaj lahko uporabi tudi za oddajo turisti\u010dnih kapacitet. Podprto je planiranje terminov, po\u0161iljanje rezervacij in izdelava ra\u010dunov.\u00a0Primeren je za sobodajalce ali za turisti\u010dne agencije, saj podpira tudi provizije in izra\u010dun za dohodnino sobodajalcev.<\/p>\n<h2>V \u010dem se Easy razlikuje od ostalih programov?<\/h2>\n<p>Poleg enostavnosti, se Easy odlikuje \u0161e na drugih podro\u010djih:<\/p>\n<ul>\n<li>Ponujamo vam neomejen dostop do podatkov in to ne le preko ra\u010dunalnika na va\u0161i pisalni mizi!<\/li>\n<li>Ni vam potrebno postaviti stre\u017enika v podjetju. Vsi uporabniki programa Easy se povezujejo preko zmogljivega stre\u017enika v klimatiziranem stre\u017eni\u0161kem prostoru, priklopljenega na odli\u010dni internetni povezavi (optika).<\/li>\n<li>Ni vezave! Pla\u010dujete mese\u010dno naro\u010dnino, katero lahko kadarkoli odjavite!<\/li>\n<li>Odpadejo vam vse skrbi, da bi izgubili podatke. Za njihovo dnevno arhiviranje in za\u0161\u010dito skrbimo mi!<\/li>\n<li>Delo vam je omogo\u010deno preko varne povezave (SSL za\u0161\u010dita) \u2013 varstvo in za\u0161\u010dita podatkov je na\u0161a skrb.<\/li>\n<li>In nenazadnje : Easy vam ponujamo po resni\u010dno zelo ugodni ceni brez skitih stro\u0161kov!<\/li>\n<li>Z Easy-jem se lepo ujame tudi EasyPOS, dodatek za POS terminale (prodaja v trgovini).<\/li>\n<\/ul>\n<h2>Koliko stane Easy?<\/h2>\n<p>Easy stane manj, kot si mislite: na mesec zagotovo porabite ve\u010d za kavo ali druge drobne razvade! Res je, Easy stane le<strong> 30 EUR na mesec<\/strong>\u00a0in ni nobenih dodatnih ali skritih stro\u0161kov (kot npr. stro\u0161kov podpore, nadgradenj ali drugih dodatnih pla\u010dil &#8211; izjema so le dodatki in <a href=\"http:\/\/www.titania.si\/?page_id=751\">izpisi po naro\u010dilu uporabnikov<\/a>)!<\/p>\n<p>\u010ce pa potrebujete le o\u017eji nabof funkcij, si lahko samo za <strong>20\u00a0EUR na mesec<\/strong> privo\u0161\u010di\u0161 <a href=\"http:\/\/www.titania.si\/?page_id=563\">EasyMINI<\/a>!<\/p>\n<h2>Kaj potrebujete za uporabljati Easy?<\/h2>\n<ul>\n<li>Internetno povezavo (npr. WiFi, ADSL, UMTS, LTE,&#8230; itd.),<\/li>\n<li>Ra\u010dunalnik, na katerem te\u010de operacijski sistem Windows XP*, Vista, 7, 8 ali 10 (da, testiran je tudi na Windows 10!).<\/li>\n<\/ul>\n<h3><\/h3>\n<p>* Windows XP nima posodobljenih mehanizmov za \u0161ifriranje povezav, zato ne more delovati kot dav\u010dna blagajna.<\/p>\n<p>Easy lahko tudi preizkusi\u0161 (brez obveznosti):\u00a0<a href=\"\/products\/easy\/downloads\/EasySetup.exe\">Prenesi Easy!<\/a><\/p>\n<p>Easy ima tudi redno a\u017eurirano <a href=\"http:\/\/www.titania.si\/products\/easy\/Support\/Help\/\">spletno pomo\u010d<\/a>.<\/p>\n<p>Program se po\u017eene v demo na\u010dinu.\u00a0Uporabni\u0161ko ime je &#8220;demo&#8221;, gesla ni. Ob uporabi programa se implicitno sprejmejo <a href=\"http:\/\/www.titania.si\/products\/easy\/downloads\/Resources\/Licence.htm\">pogoji poslovanja<\/a>.<\/p>\n","protected":false},"excerpt":{"rendered":"<p>Kaj je Easy? Easy je program, namenjen podjetnikom, ki ne potrebujejo kompleksnih in okornih programskih re\u0161itev. Easy zagotovo olaj\u0161a dnevno spremljanje poslovanja vsakega malega podjetnika na enostaven in prijazen na\u010din. Za ugodno ceno vam ponujamo osnovnej\u0161e, a obenem preglednej\u0161e funkcije, &hellip;<\/p>\n<p class=\"read-more\"> <a class=\"more-link\" href=\"https:\/\/www.titania.si\/?page_id=8\"> <span class=\"screen-reader-text\">Easy<\/span> Preberi ve\u010d &raquo;<\/a><\/p>\n","protected":false},"author":1,"featured_media":0,"parent":0,"menu_order":0,"comment_status":"closed","ping_status":"closed","template":"","meta":{"footnotes":""},"class_list":["post-8","page","type-page","status-publish","hentry"],"_links":{"self":[{"href":"https:\/\/www.titania.si\/index.php?rest_route=\/wp\/v2\/pages\/8","targetHints":{"allow":["GET"]}}],"collection":[{"href":"https:\/\/www.titania.si\/index.php?rest_route=\/wp\/v2\/pages"}],"about":[{"href":"https:\/\/www.titania.si\/index.php?rest_route=\/wp\/v2\/types\/page"}],"author":[{"embeddable":true,"href":"https:\/\/www.titania.si\/index.php?rest_route=\/wp\/v2\/users\/1"}],"replies":[{"embeddable":true,"href":"https:\/\/www.titania.si\/index.php?rest_route=%2Fwp%2Fv2%2Fcomments&post=8"}],"version-history":[{"count":39,"href":"https:\/\/www.titania.si\/index.php?rest_route=\/wp\/v2\/pages\/8\/revisions"}],"predecessor-version":[{"id":853,"href":"https:\/\/www.titania.si\/index.php?rest_route=\/wp\/v2\/pages\/8\/revisions\/853"}],"wp:attachment":[{"href":"https:\/\/www.titania.si\/index.php?rest_route=%2Fwp%2Fv2%2Fmedia&parent=8"}],"curies":[{"name":"wp","href":"https:\/\/api.w.org\/{rel}","templated":true}]}}