{"id":74,"date":"2013-08-08T07:51:47","date_gmt":"2013-08-08T07:51:47","guid":{"rendered":"http:\/\/titaniasp.xcloud.si\/?page_id=74"},"modified":"2014-03-03T17:15:30","modified_gmt":"2014-03-03T17:15:30","slug":"o-nas","status":"publish","type":"page","link":"https:\/\/www.titania.si\/?page_id=74","title":{"rendered":"O nas"},"content":{"rendered":"<p style=\"text-align: center;\"><img loading=\"lazy\" decoding=\"async\" class=\"aligncenter size-full wp-image-257\" alt=\"fingers\" src=\"http:\/\/www.titania.si\/wordpress\/wp-content\/uploads\/fingers.jpg\" width=\"1000\" height=\"288\" srcset=\"https:\/\/www.titania.si\/wordpress\/wp-content\/uploads\/fingers.jpg 1000w, https:\/\/www.titania.si\/wordpress\/wp-content\/uploads\/fingers-150x43.jpg 150w, https:\/\/www.titania.si\/wordpress\/wp-content\/uploads\/fingers-300x86.jpg 300w\" sizes=\"auto, (max-width: 1000px) 100vw, 1000px\" \/><\/p>\n<p style=\"text-align: center;\"><strong style=\"color: #000000;\">Titania Informacijske re\u0161itve, Marko Milutinovi\u010d s.p.<\/strong><\/p>\n<div style=\"text-align: center;\">Parecag 10E<\/div>\n<div style=\"text-align: center;\">6333 Se\u010dovlje<\/div>\n<div style=\"text-align: center;\"><\/div>\n<div style=\"text-align: center;\">Telefon: 040 895-517<\/div>\n<div style=\"text-align: center;\">E-po\u0161ta:\u00a0<a href=\"mailto:info@titania.si\">info@titania.si<\/a><\/div>\n<div style=\"text-align: center;\"><\/div>\n<div style=\"text-align: center;\">Skype:\u00a0<a href=\"skype:marko.milutinovich?chat\">marko.milutinovich<\/a><\/div>\n","protected":false},"excerpt":{"rendered":"<p>Titania Informacijske re\u0161itve, Marko Milutinovi\u010d s.p. Parecag 10E 6333 Se\u010dovlje Telefon: 040 895-517 E-po\u0161ta:\u00a0info@titania.si Skype:\u00a0marko.milutinovich<\/p>\n","protected":false},"author":1,"featured_media":0,"parent":0,"menu_order":40,"comment_status":"closed","ping_status":"open","template":"","meta":{"footnotes":""},"class_list":["post-74","page","type-page","status-publish","hentry"],"_links":{"self":[{"href":"https:\/\/www.titania.si\/index.php?rest_route=\/wp\/v2\/pages\/74","targetHints":{"allow":["GET"]}}],"collection":[{"href":"https:\/\/www.titania.si\/index.php?rest_route=\/wp\/v2\/pages"}],"about":[{"href":"https:\/\/www.titania.si\/index.php?rest_route=\/wp\/v2\/types\/page"}],"author":[{"embeddable":true,"href":"https:\/\/www.titania.si\/index.php?rest_route=\/wp\/v2\/users\/1"}],"replies":[{"embeddable":true,"href":"https:\/\/www.titania.si\/index.php?rest_route=%2Fwp%2Fv2%2Fcomments&post=74"}],"version-history":[{"count":4,"href":"https:\/\/www.titania.si\/index.php?rest_route=\/wp\/v2\/pages\/74\/revisions"}],"predecessor-version":[{"id":430,"href":"https:\/\/www.titania.si\/index.php?rest_route=\/wp\/v2\/pages\/74\/revisions\/430"}],"wp:attachment":[{"href":"https:\/\/www.titania.si\/index.php?rest_route=%2Fwp%2Fv2%2Fmedia&parent=74"}],"curies":[{"name":"wp","href":"https:\/\/api.w.org\/{rel}","templated":true}]}}