{"id":620,"date":"2015-10-17T20:40:23","date_gmt":"2015-10-17T20:40:23","guid":{"rendered":"http:\/\/www.titania.si\/?page_id=620"},"modified":"2015-10-19T19:08:30","modified_gmt":"2015-10-19T19:08:30","slug":"delphi-podpisna-komponenta","status":"publish","type":"page","link":"http:\/\/www.titania.si\/?page_id=620","title":{"rendered":"Delphi podpisna knji\u017enica"},"content":{"rendered":"<p>Med pripravami za spremembe v zakonodaji RepublikeSlovenije je nastal paket, ki omogo\u010da komunikacijo z dr\u017eavnimi storitvami.<\/p>\n<p>&nbsp;<\/p>\n<h2>Opis komponente<\/h2>\n<p>Paket vsebuje mehanizme za:<\/p>\n<ul>\n<li>Izbiro certifikata<\/li>\n<li>Dodajanje certifikata v certificate store<\/li>\n<li>Podpisovanje ERa\u010duna<\/li>\n<li>Podpisovanje in po\u0161iljanje v dav\u010dne blagajne (prostor in dokument).<\/li>\n<\/ul>\n<p>Ker je paket \u0161ele v povojih, prosim za razumevanje.<\/p>\n<p>&nbsp;<\/p>\n<h2>Pogoji uporabe<\/h2>\n<p>Paket je na razpolago brezpla\u010dno v obliki, kakr\u0161ni pa \u010d je (t.i. &#8220;AS-IS&#8221;), zato ne odgovarjamo za morebitne napake. V kolikor pa ti je zadeva v\u0161e\u010d ali pa ti je pomagala re\u0161iti problem, potem mi lahko naredi\u0161\u00a0donacijo, \u010de \u017eeli\u0161. Koliko? Kolikor misli\u0161, da si re\u0161itev zaslu\u017ei (tudi ni\u010d je sprejemljivo).\u00a0V kolikor potrebuje\u0161, lahko tudi izdam ra\u010dun, da si da\u0161 donacijo v stro\u0161ke \ud83d\ude42<\/p>\n<p>&nbsp;<\/p>\n<h2>Prenos<\/h2>\n<p>Paket je na razpolago na naslovu\u00a0<a href=\"http:\/\/www.titania.si\/products\/common\/SloPublicServices.zip\">http:\/\/www.titania.si\/products\/Common\/SloPublicServices.zip<\/a><\/p>\n","protected":false},"excerpt":{"rendered":"<p>Med pripravami za spremembe v zakonodaji RepublikeSlovenije je nastal paket, ki omogo\u010da komunikacijo z dr\u017eavnimi storitvami. &nbsp; Opis komponente Paket vsebuje mehanizme za: Izbiro certifikata Dodajanje certifikata v certificate store Podpisovanje ERa\u010duna Podpisovanje in po\u0161iljanje v dav\u010dne blagajne (prostor in &hellip;<\/p>\n<p class=\"read-more\"> <a class=\"more-link\" href=\"http:\/\/www.titania.si\/?page_id=620\"> <span class=\"screen-reader-text\">Delphi podpisna knji\u017enica<\/span> Preberi ve\u010d &raquo;<\/a><\/p>\n","protected":false},"author":1,"featured_media":0,"parent":391,"menu_order":0,"comment_status":"closed","ping_status":"closed","template":"","meta":{"footnotes":""},"class_list":["post-620","page","type-page","status-publish","hentry"],"_links":{"self":[{"href":"http:\/\/www.titania.si\/index.php?rest_route=\/wp\/v2\/pages\/620","targetHints":{"allow":["GET"]}}],"collection":[{"href":"http:\/\/www.titania.si\/index.php?rest_route=\/wp\/v2\/pages"}],"about":[{"href":"http:\/\/www.titania.si\/index.php?rest_route=\/wp\/v2\/types\/page"}],"author":[{"embeddable":true,"href":"http:\/\/www.titania.si\/index.php?rest_route=\/wp\/v2\/users\/1"}],"replies":[{"embeddable":true,"href":"http:\/\/www.titania.si\/index.php?rest_route=%2Fwp%2Fv2%2Fcomments&post=620"}],"version-history":[{"count":8,"href":"http:\/\/www.titania.si\/index.php?rest_route=\/wp\/v2\/pages\/620\/revisions"}],"predecessor-version":[{"id":634,"href":"http:\/\/www.titania.si\/index.php?rest_route=\/wp\/v2\/pages\/620\/revisions\/634"}],"up":[{"embeddable":true,"href":"http:\/\/www.titania.si\/index.php?rest_route=\/wp\/v2\/pages\/391"}],"wp:attachment":[{"href":"http:\/\/www.titania.si\/index.php?rest_route=%2Fwp%2Fv2%2Fmedia&parent=620"}],"curies":[{"name":"wp","href":"https:\/\/api.w.org\/{rel}","templated":true}]}}