{"id":396,"date":"2014-01-16T13:05:48","date_gmt":"2014-01-16T13:05:48","guid":{"rendered":"http:\/\/www.titania.si\/?page_id=396"},"modified":"2016-05-10T08:57:58","modified_gmt":"2016-05-10T08:57:58","slug":"mnenja-strank","status":"publish","type":"page","link":"http:\/\/www.titania.si\/?page_id=396","title":{"rendered":"ShowMan, vi o nas"},"content":{"rendered":"<p><img loading=\"lazy\" decoding=\"async\" class=\"aligncenter size-full wp-image-419\" src=\"http:\/\/www.titania.si\/wordpress\/wp-content\/uploads\/monstertalk.jpg\" alt=\"monstertalk\" width=\"1000\" height=\"288\" srcset=\"http:\/\/www.titania.si\/wordpress\/wp-content\/uploads\/monstertalk.jpg 1000w, http:\/\/www.titania.si\/wordpress\/wp-content\/uploads\/monstertalk-150x43.jpg 150w, http:\/\/www.titania.si\/wordpress\/wp-content\/uploads\/monstertalk-300x86.jpg 300w, http:\/\/www.titania.si\/wordpress\/wp-content\/uploads\/monstertalk-100x28.jpg 100w, http:\/\/www.titania.si\/wordpress\/wp-content\/uploads\/monstertalk-200x57.jpg 200w, http:\/\/www.titania.si\/wordpress\/wp-content\/uploads\/monstertalk-450x129.jpg 450w, http:\/\/www.titania.si\/wordpress\/wp-content\/uploads\/monstertalk-600x172.jpg 600w, http:\/\/www.titania.si\/wordpress\/wp-content\/uploads\/monstertalk-900x259.jpg 900w\" sizes=\"auto, (max-width: 1000px) 100vw, 1000px\" \/><\/p>\n<p style=\"text-align: justify;\"><em>&#8220;Program Showman nam omogo\u010da pregled nad vsemi festivalskimi prizori\u0161\u010di hkrati. Dovoljuje nam natan\u010den pregled nad prodajo vstopnic in abonmajev.\u00a0<\/em><em>Predvsem pa je program prilagodljiv novim zahtevam festivala, ki se vsako leto dopolnjujejo. Za razvoj in novosti, zanesljivo in u\u010dinkovito poskrbijo strokovnjaki s Titanie.\u00ab<\/em><\/p>\n<p style=\"text-align: right;\">&#8212; Lorena Pavli\u010d, Kino Otok<\/p>\n<hr \/>\n<p style=\"text-align: justify;\"><em>&#8220;ShowMan v klubu eMCe plac uporabljamo \u017ee dobre pol leta in priznavamo, da tako dober odziv tako s strani izvajalca, osebno, pogre\u0161amo na marsikaterem podro\u010dju. Redko kdo ti je pripravljen pomagati tudi ob polno\u010di, \u010de ga potrebuje\u0161. Ekipa ShowMan-a to stori z veseljem.&#8221;<\/em><\/p>\n<p style=\"text-align: right;\">&#8212; Dimitrij Amon, Mladinski center Velenje<\/p>\n<hr \/>\n<p style=\"text-align: justify;\"><em>&#8220;Program Showman uporabljamo od dne ko je nastal. Skupaj smo si ga zamislili in za\u010dela se je neverjetna zgodba o dobrem sodelovnaju. Program nam omogo\u010da prodajo vstopnic na razli\u010dnih lokacijah hrati in vsi prodajalci imajo pregled nad dogajanjem na prizori\u0161\u010dih. Showman je \u017eiv program, ki raste in se spreminja skupaj z nami. Se prilagaja spremembam, se dopolnjuje glede na dodatne zahteve in omogo\u010da hitro ter enostavno uporabo. Avtorji programa se izjemno hitro odzivajo na vse pro\u0161nje in skupaj z nami razvijajo spremembe, kar je v dana\u0161njem \u010dasu klju\u010dnega pomena!&#8221;<\/em><\/p>\n<p style=\"text-align: right;\">&#8212; Petra Bo\u017ei\u010d, Kulturni dom Izola<\/p>\n<hr \/>\n<p style=\"text-align: left;\"><em>&#8220;Program nam omogo\u010da so\u010dasno prodajo vstopnic za kino, gledali\u0161\u010de in abonmaje, dodaten prikaz na zaslonu pred blagajno pa omogo\u010da prodajo brez vrst in nervoze. Pomo\u010d pri te\u017eavah je vedno na voljo in le te so odpravljene v najkraj\u0161em mo\u017enem \u010dasu. Program vam izvajalec lahko prilagodi glede na potrebe in \u017eelje posameznega prikazovalca.&#8221;<\/em><\/p>\n<p style=\"text-align: right;\">&#8212;\u00a0Alenka Bizjak,\u00a0Linhartova dvorana Radovljica<\/p>\n<p>&nbsp;<\/p>\n<p><em>&#8220;V kinu Sora \u0160kofja Loka in Sokolskem domu uporabljamo program ShowMan pri prodaji vstopnic in abonmajev. Program je pregleden, enostaven, zanesljiv in cenovno zelo ugoden. Izvajalci programa so vedno na voljo, da odgovorijo na kakr\u0161nokoli vpra\u0161anje nas uporabnikov. Zelo priporo\u010dam!&#8221;<\/em><\/p>\n<p style=\"text-align: right;\">&#8212; Tea Oblak, Kino Sora in Sokolski dom, \u0160kofja Loka<\/p>\n","protected":false},"excerpt":{"rendered":"<p>&#8220;Program Showman nam omogo\u010da pregled nad vsemi festivalskimi prizori\u0161\u010di hkrati. Dovoljuje nam natan\u010den pregled nad prodajo vstopnic in abonmajev.\u00a0Predvsem pa je program prilagodljiv novim zahtevam festivala, ki se vsako leto dopolnjujejo. Za razvoj in novosti, zanesljivo in u\u010dinkovito poskrbijo strokovnjaki &hellip;<\/p>\n<p class=\"read-more\"> <a class=\"more-link\" href=\"http:\/\/www.titania.si\/?page_id=396\"> <span class=\"screen-reader-text\">ShowMan, vi o nas<\/span> Preberi ve\u010d &raquo;<\/a><\/p>\n","protected":false},"author":1,"featured_media":0,"parent":17,"menu_order":0,"comment_status":"closed","ping_status":"closed","template":"full-width-page.php","meta":{"footnotes":""},"class_list":["post-396","page","type-page","status-publish","hentry"],"_links":{"self":[{"href":"http:\/\/www.titania.si\/index.php?rest_route=\/wp\/v2\/pages\/396","targetHints":{"allow":["GET"]}}],"collection":[{"href":"http:\/\/www.titania.si\/index.php?rest_route=\/wp\/v2\/pages"}],"about":[{"href":"http:\/\/www.titania.si\/index.php?rest_route=\/wp\/v2\/types\/page"}],"author":[{"embeddable":true,"href":"http:\/\/www.titania.si\/index.php?rest_route=\/wp\/v2\/users\/1"}],"replies":[{"embeddable":true,"href":"http:\/\/www.titania.si\/index.php?rest_route=%2Fwp%2Fv2%2Fcomments&post=396"}],"version-history":[{"count":21,"href":"http:\/\/www.titania.si\/index.php?rest_route=\/wp\/v2\/pages\/396\/revisions"}],"predecessor-version":[{"id":685,"href":"http:\/\/www.titania.si\/index.php?rest_route=\/wp\/v2\/pages\/396\/revisions\/685"}],"up":[{"embeddable":true,"href":"http:\/\/www.titania.si\/index.php?rest_route=\/wp\/v2\/pages\/17"}],"wp:attachment":[{"href":"http:\/\/www.titania.si\/index.php?rest_route=%2Fwp%2Fv2%2Fmedia&parent=396"}],"curies":[{"name":"wp","href":"https:\/\/api.w.org\/{rel}","templated":true}]}}